{"id":312,"date":"2022-10-21T06:32:39","date_gmt":"2022-10-21T06:32:39","guid":{"rendered":"https:\/\/www.danielschmied.de\/index.php\/startseite\/"},"modified":"2022-10-21T07:49:15","modified_gmt":"2022-10-21T07:49:15","slug":"startseite","status":"publish","type":"page","link":"https:\/\/www.danielschmied.de\/","title":{"rendered":"Startseite"},"content":{"rendered":"\n  \n    \n    <section class=\"u-align-center-xs u-clearfix u-palette-3-dark-3 u-section-2\" src=\"\" id=\"carousel_1abf\">\n      <div class=\"u-expanded-width u-palette-3-base u-shape u-shape-rectangle u-shape-1\"><\/div>\n      <img decoding=\"async\" class=\"u-image u-image-1\" src=\"https:\/\/www.danielschmied.de\/wp-content\/uploads\/2022\/10\/as-min.jpg\">\n      <div class=\"u-border-no-bottom u-border-no-left u-border-no-right u-border-no-top u-container-style u-group u-white u-group-1\">\n        <div class=\"u-container-layout u-container-layout-1\">\n          <h1 class=\"u-custom-font u-font-montserrat u-text u-text-palette-3-base u-title u-text-1\">\u00dcbersicht Projekte<\/h1>\n          <p class=\"u-large-text u-text u-text-variant u-text-2\">Herzlich willkommen auf meiner privaten Webseite. Hier findest Du eine \u00dcbersicht \u00fcber meine Hobbys und Projekte. Die Sortierung ist noch nicht so wie ich es mir vorgestellt habe, aber das wird noch. Auch das verwendete Theme-Template gef\u00e4llt mir noch nicht. Komm bald wieder, es gibt noch viel zu tun. \ud83d\ude09<\/p>\n          <p class=\"u-text u-text-3\">Image from <a href=\"https:\/\/www.freepik.com\/photos\/floral\" class=\"u-active-none u-border-1 u-border-grey-75 u-border-no-left u-border-no-right u-border-no-top u-btn u-button-link u-button-style u-hover-none u-none u-text-body-color u-btn-1\">Freepik<\/a>\n          <\/p>\n          <a href=\"https:\/\/www.danielschmied.de\/index.php\/projekte\/\" class=\"u-active-palette-5-light-1 u-border-0 u-btn u-button-style u-custom-font u-font-montserrat u-hover-palette-5-light-2 u-palette-3-light-1 u-btn-2\">Projekte<\/a>\n        <\/div>\n      <\/div>\n    <\/section>\n    <section class=\"u-clearfix u-section-3\" id=\"sec-0d12\">\n      <div class=\"u-clearfix u-sheet u-sheet-1\">\n        <div class=\"u-clearfix u-expanded-width u-layout-wrap u-layout-wrap-1\">\n          <div class=\"u-layout\">\n            <div class=\"u-layout-row\">\n              <div class=\"u-container-style u-layout-cell u-size-30 u-layout-cell-1\">\n                <div class=\"u-container-layout u-container-layout-1\">\n                  <h3 class=\"u-align-left u-custom-font u-font-montserrat u-text u-text-1\">\u00dcberschrift bla blubb, keine Ahnung was ich hier demn\u00e4chst noch rein schreibe...<\/h3>\n                  <p class=\"u-align-justify u-text u-text-2\">Faucibus in ornare quam viverra. Congue eu consequat ac felis donec et odio pellentesque diam. Leo duis ut diam quam nulla porttitor massa id. Ut lectus arcu bibendum at varius vel pharetra vel turpis. A condimentum vitae sapien pellentesque habitant morbi. Eget nunc lobortis mattis aliquam faucibus purus in massa tempor.&nbsp;<\/p>\n                  <a href=\"https:\/\/nicepage.com\/static-site-generator\" class=\"u-active-palette-5-light-1 u-btn u-button-style u-custom-font u-font-montserrat u-hover-palette-5-light-2 u-palette-3-light-1 u-btn-1\">learn more<\/a>\n                <\/div>\n              <\/div>\n              <div class=\"u-align-justify u-container-style u-layout-cell u-size-30 u-layout-cell-2\">\n                <div class=\"u-container-layout u-valign-bottom u-container-layout-2\">\n                  <div class=\"u-palette-3-light-2 u-shape u-shape-circle u-shape-1\"><\/div>\n                  <p class=\"u-text u-text-3\">Tempus quam pellentesque nec nam aliquam sem et. Mauris a diam maecenas sed. Bibendum ut tristique et egestas quis. Lorem ipsum dolor sit amet consectetur adipiscing elit. Ultrices dui sapien eget mi proin sed libero enim sed.<\/p>\n                <\/div>\n              <\/div>\n            <\/div>\n          <\/div>\n        <\/div>\n      <\/div>\n    <\/section>\n    <section class=\"u-align-center-lg u-align-center-md u-align-center-sm u-align-center-xs u-clearfix u-palette-3-base u-section-4\" id=\"sec-6861\">\n      <div class=\"u-clearfix u-sheet u-valign-middle-md u-valign-middle-sm u-valign-middle-xs u-sheet-1\">\n        <div class=\"u-expanded-width-xs u-gradient u-shape u-shape-rectangle u-shape-1\"><\/div>\n        <img decoding=\"async\" class=\"u-image u-image-1\" src=\"https:\/\/www.danielschmied.de\/wp-content\/uploads\/2022\/10\/dfsg-min.jpg\" data-image-width=\"1350\" data-image-height=\"900\">\n        <div class=\"u-preserve-proportions u-shape u-shape-circle u-white u-shape-2\"><\/div>\n        <div class=\"u-align-left u-container-style u-group u-white u-group-1\">\n          <div class=\"u-container-layout u-container-layout-1\">\n            <h1 class=\"u-custom-font u-font-montserrat u-text u-text-palette-1-base u-text-1\">Graphic design<\/h1>\n            <p class=\"u-text u-text-2\">Elit ut aliquam purus sit amet luctus venenatis. Ridiculus mus mauris vitae ultricies leo integer malesuada. Massa enim nec dui nunc mattis enim. Sagittis vitae et leo duis ut. Lacus suspendisse faucibus interdum.<\/p>\n            <p class=\"u-text u-text-3\">Image from <a href=\"https:\/\/www.freepik.com\/photos\/people\" class=\"u-active-none u-border-1 u-border-black u-border-no-left u-border-no-right u-border-no-top u-btn u-button-link u-button-style u-hover-none u-none u-text-body-color u-btn-1\" target=\"_blank\">Freepik<\/a>\n            <\/p>\n            <a href=\"https:\/\/nicepage.com\/static-site-generator\" class=\"u-active-palette-5-light-1 u-border-0 u-btn u-button-style u-custom-font u-font-montserrat u-hover-palette-5-light-2 u-palette-3-light-1 u-btn-2\">learn more<\/a>\n          <\/div>\n        <\/div>\n      <\/div>\n    <\/section>\n    \n    \n  \n","protected":false},"excerpt":{"rendered":"<p>\u00dcbersicht Projekte Herzlich willkommen auf meiner privaten Webseite. Hier findest Du eine \u00dcbersicht \u00fcber meine Hobbys und Projekte. Die Sortierung ist noch nicht so wie ich es mir vorgestellt habe, aber das wird noch. Auch das verwendete Theme-Template gef\u00e4llt mir noch nicht. Komm bald wieder, es gibt noch viel zu tun. \ud83d\ude09 Image from Freepik &hellip; <a href=\"https:\/\/www.danielschmied.de\/\" class=\"more-link\">Continue reading<span class=\"screen-reader-text\"> &#8222;Startseite&#8220;<\/span><\/a><\/p>\n","protected":false},"author":1,"featured_media":0,"parent":0,"menu_order":5,"comment_status":"closed","ping_status":"closed","template":"","meta":{"footnotes":""},"class_list":["post-312","page","type-page","status-publish","hentry"],"_links":{"self":[{"href":"https:\/\/www.danielschmied.de\/index.php\/wp-json\/wp\/v2\/pages\/312","targetHints":{"allow":["GET"]}}],"collection":[{"href":"https:\/\/www.danielschmied.de\/index.php\/wp-json\/wp\/v2\/pages"}],"about":[{"href":"https:\/\/www.danielschmied.de\/index.php\/wp-json\/wp\/v2\/types\/page"}],"author":[{"embeddable":true,"href":"https:\/\/www.danielschmied.de\/index.php\/wp-json\/wp\/v2\/users\/1"}],"replies":[{"embeddable":true,"href":"https:\/\/www.danielschmied.de\/index.php\/wp-json\/wp\/v2\/comments?post=312"}],"version-history":[{"count":1,"href":"https:\/\/www.danielschmied.de\/index.php\/wp-json\/wp\/v2\/pages\/312\/revisions"}],"predecessor-version":[{"id":326,"href":"https:\/\/www.danielschmied.de\/index.php\/wp-json\/wp\/v2\/pages\/312\/revisions\/326"}],"wp:attachment":[{"href":"https:\/\/www.danielschmied.de\/index.php\/wp-json\/wp\/v2\/media?parent=312"}],"curies":[{"name":"wp","href":"https:\/\/api.w.org\/{rel}","templated":true}]}}